{"id":227,"date":"2017-09-21T10:15:59","date_gmt":"2017-09-21T09:15:59","guid":{"rendered":"http:\/\/segurdaro.com\/?page_id=227"},"modified":"2017-09-22T10:48:33","modified_gmt":"2017-09-22T09:48:33","slug":"descargas","status":"publish","type":"page","link":"https:\/\/segurdaro.com\/index.php\/es\/descargas\/","title":{"rendered":"Descargas"},"content":{"rendered":"<p>[et_pb_section bb_built=&#8221;1&#8243;][et_pb_row][et_pb_column type=&#8221;1_2&#8243;][et_pb_image _builder_version=&#8221;3.0.72&#8243; src=&#8221;https:\/\/segurdaro.com\/wp-content\/uploads\/2017\/09\/windows-main.png&#8221; show_in_lightbox=&#8221;off&#8221; url_new_window=&#8221;off&#8221; use_overlay=&#8221;off&#8221; sticky=&#8221;off&#8221; align=&#8221;center&#8221; always_center_on_mobile=&#8221;on&#8221; border_style=&#8221;solid&#8221; force_fullwidth=&#8221;off&#8221; max_width=&#8221;400px&#8221; \/][\/et_pb_column][et_pb_column type=&#8221;1_2&#8243;][et_pb_text _builder_version=&#8221;3.0.72&#8243; background_layout=&#8221;light&#8221; text_orientation=&#8221;left&#8221; border_style=&#8221;solid&#8221;]<\/p>\n<h3>Soporte Online para Windows<\/h3>\n<p>Simplemente pulse en el bot\u00f3n de descarga. En un momento, tendr\u00e1 el programa descargado. Ejecute directamente desde el navegador o ir a buscarlo a los archivos de la carpeta descargas de vuestro equipo. Una vez ejecutado, aparecer\u00e1 un ID (un numero), que debe copiar en nuestro &#8216;chat&#8217;, y una vez hecho esto, el t\u00e9cnico realizar\u00e1 las tareas que hab\u00e9is solicitado.<\/p>\n<p>[\/et_pb_text][et_pb_button _builder_version=&#8221;3.0.72&#8243; button_text=&#8221;DESCARGAR&#8221; button_url=&#8221;https:\/\/download.anydesk.com\/AnyDesk.exe?_ga=2.193553445.908468656.1505894155-1607060416.1505894155&#8243; url_new_window=&#8221;off&#8221; button_alignment=&#8221;left&#8221; background_layout=&#8221;light&#8221; custom_button=&#8221;off&#8221; button_letter_spacing=&#8221;0&#8243; button_icon_placement=&#8221;right&#8221; button_letter_spacing_hover=&#8221;0&#8243; \/][\/et_pb_column][\/et_pb_row][\/et_pb_section][et_pb_section bb_built=&#8221;1&#8243; _builder_version=&#8221;3.0.72&#8243; background_image=&#8221;https:\/\/segurdaro.com\/wp-content\/uploads\/2017\/09\/FONDO-GRIS-WEB-NOVA.jpg&#8221; disabled=&#8221;off&#8221; disabled_on=&#8221;on|on|&#8221;][et_pb_row][et_pb_column type=&#8221;1_2&#8243;][et_pb_text _builder_version=&#8221;3.0.72&#8243; background_layout=&#8221;light&#8221; text_orientation=&#8221;left&#8221; border_style=&#8221;solid&#8221;]<\/p>\n<h3>Soporte Online para Mac<\/h3>\n<p>Simplemente pulse en el bot\u00f3n de descarga. En un momento, tendr\u00e1 el programa descargado. Ejecute directamente desde el navegador o ir a buscarlo a los archivos de la carpeta descargas de vuestro equipo. Una vez ejecutado, aparecer\u00e1 un ID (un numero), que debe copiar en nuestro &#8216;chat&#8217;, y una vez hecho esto, el t\u00e9cnico realizar\u00e1 las tareas que hab\u00e9is solicitado.<\/p>\n<p>[\/et_pb_text][et_pb_button _builder_version=&#8221;3.0.72&#8243; button_text=&#8221;DESCARGAR&#8221; button_url=&#8221;https:\/\/download.anydesk.com\/anydesk.dmg?_ga=2.97093655.908468656.1505894155-1607060416.1505894155&#8243; url_new_window=&#8221;off&#8221; button_alignment=&#8221;left&#8221; background_layout=&#8221;light&#8221; custom_button=&#8221;off&#8221; button_letter_spacing=&#8221;0&#8243; button_icon_placement=&#8221;right&#8221; button_letter_spacing_hover=&#8221;0&#8243; \/][\/et_pb_column][et_pb_column type=&#8221;1_2&#8243;][et_pb_image _builder_version=&#8221;3.0.72&#8243; src=&#8221;https:\/\/segurdaro.com\/wp-content\/uploads\/2017\/09\/mac-ok.png&#8221; show_in_lightbox=&#8221;off&#8221; url_new_window=&#8221;off&#8221; use_overlay=&#8221;off&#8221; sticky=&#8221;off&#8221; align=&#8221;center&#8221; always_center_on_mobile=&#8221;on&#8221; border_style=&#8221;solid&#8221; force_fullwidth=&#8221;off&#8221; max_width=&#8221;400px&#8221; \/][\/et_pb_column][\/et_pb_row][\/et_pb_section][et_pb_section bb_built=&#8221;1&#8243; _builder_version=&#8221;3.0.72&#8243; background_image=&#8221;https:\/\/segurdaro.com\/wp-content\/uploads\/2017\/09\/FONDO-GRIS-WEB-NOVA.jpg&#8221; disabled=&#8221;off&#8221; disabled_on=&#8221;off|off|on&#8221;][et_pb_row][et_pb_column type=&#8221;1_2&#8243;][et_pb_image _builder_version=&#8221;3.0.72&#8243; src=&#8221;https:\/\/segurdaro.com\/wp-content\/uploads\/2017\/09\/mac-ok.png&#8221; show_in_lightbox=&#8221;off&#8221; url_new_window=&#8221;off&#8221; use_overlay=&#8221;off&#8221; sticky=&#8221;off&#8221; align=&#8221;center&#8221; always_center_on_mobile=&#8221;on&#8221; border_style=&#8221;solid&#8221; force_fullwidth=&#8221;off&#8221; max_width=&#8221;400px&#8221; \/][\/et_pb_column][et_pb_column type=&#8221;1_2&#8243;][et_pb_text _builder_version=&#8221;3.0.72&#8243; background_layout=&#8221;light&#8221; text_orientation=&#8221;left&#8221; border_style=&#8221;solid&#8221;]<\/p>\n<h3>Soporte Online para Mac<\/h3>\n<p>Simplemente pulse en el bot\u00f3n de descarga. En un momento, tendr\u00e1 el programa descargado. Ejecute directamente desde el navegador o ir a buscarlo a los archivos de la carpeta descargas de vuestro equipo. Una vez ejecutado, aparecer\u00e1 un ID (un numero), que debe copiar en nuestro &#8216;chat&#8217;, y una vez hecho esto, el t\u00e9cnico realizar\u00e1 las tareas que hab\u00e9is solicitado.<\/p>\n<p>[\/et_pb_text][et_pb_button _builder_version=&#8221;3.0.72&#8243; button_text=&#8221;DESCARGAR&#8221; button_url=&#8221;https:\/\/download.anydesk.com\/anydesk.dmg?_ga=2.97093655.908468656.1505894155-1607060416.1505894155&#8243; url_new_window=&#8221;off&#8221; button_alignment=&#8221;left&#8221; background_layout=&#8221;light&#8221; custom_button=&#8221;off&#8221; button_letter_spacing=&#8221;0&#8243; button_icon_placement=&#8221;right&#8221; button_letter_spacing_hover=&#8221;0&#8243; \/][\/et_pb_column][\/et_pb_row][\/et_pb_section][et_pb_section bb_built=&#8221;1&#8243;][et_pb_row][et_pb_column type=&#8221;1_2&#8243;][et_pb_image _builder_version=&#8221;3.0.72&#8243; src=&#8221;https:\/\/segurdaro.com\/wp-content\/uploads\/2017\/09\/ios-segurdaro.png&#8221; show_in_lightbox=&#8221;off&#8221; url_new_window=&#8221;off&#8221; use_overlay=&#8221;off&#8221; sticky=&#8221;off&#8221; align=&#8221;center&#8221; always_center_on_mobile=&#8221;on&#8221; border_style=&#8221;solid&#8221; force_fullwidth=&#8221;off&#8221; max_width=&#8221;400px&#8221; \/][\/et_pb_column][et_pb_column type=&#8221;1_2&#8243;][et_pb_text _builder_version=&#8221;3.0.72&#8243; background_layout=&#8221;light&#8221; text_orientation=&#8221;left&#8221; border_style=&#8221;solid&#8221;]<\/p>\n<h3>Soporte Online para iOs<\/h3>\n<p>Simplemente pulse en el bot\u00f3n de descarga. En un momento, tendr\u00e1 el programa descargado. Ejecute directamente desde el navegador o ir a buscarlo a los archivos de la carpeta descargas de vuestro equipo. Una vez ejecutado, aparecer\u00e1 un ID (un numero), que debe copiar en nuestro &#8216;chat&#8217;, y una vez hecho esto, el t\u00e9cnico realizar\u00e1 las tareas que hab\u00e9is solicitado.<\/p>\n<p>[\/et_pb_text][et_pb_button _builder_version=&#8221;3.0.72&#8243; button_text=&#8221;DESCARGAR&#8221; button_url=&#8221;https:\/\/itunes.apple.com\/us\/app\/anydesk\/id1176131273&amp;mt=8&#8243; url_new_window=&#8221;off&#8221; button_alignment=&#8221;left&#8221; background_layout=&#8221;light&#8221; custom_button=&#8221;off&#8221; button_letter_spacing=&#8221;0&#8243; button_icon_placement=&#8221;right&#8221; button_letter_spacing_hover=&#8221;0&#8243; \/][\/et_pb_column][\/et_pb_row][\/et_pb_section][et_pb_section bb_built=&#8221;1&#8243; _builder_version=&#8221;3.0.72&#8243; background_image=&#8221;https:\/\/segurdaro.com\/wp-content\/uploads\/2017\/09\/FONDO-GRIS-WEB-NOVA.jpg&#8221; disabled=&#8221;off&#8221; disabled_on=&#8221;on|on|&#8221;][et_pb_row][et_pb_column type=&#8221;1_2&#8243;][et_pb_text _builder_version=&#8221;3.0.72&#8243; background_layout=&#8221;light&#8221; text_orientation=&#8221;left&#8221; border_style=&#8221;solid&#8221;]<\/p>\n<h3>Soporte Online para Android<\/h3>\n<p>Simplemente pulse en el bot\u00f3n de descarga. En un momento, tendr\u00e1 el programa descargado. Ejecute directamente desde el navegador o ir a buscarlo a los archivos de la carpeta descargas de vuestro equipo. Una vez ejecutado, aparecer\u00e1 un ID (un numero), que debe copiar en nuestro &#8216;chat&#8217;, y una vez hecho esto, el t\u00e9cnico realizar\u00e1 las tareas que hab\u00e9is solicitado.<\/p>\n<p>[\/et_pb_text][et_pb_button _builder_version=&#8221;3.0.72&#8243; button_text=&#8221;DESCARGAR&#8221; button_url=&#8221;https:\/\/play.google.com\/store\/apps\/details?id=com.anydesk.anydeskandroid&#8221; url_new_window=&#8221;off&#8221; button_alignment=&#8221;left&#8221; background_layout=&#8221;light&#8221; custom_button=&#8221;off&#8221; button_letter_spacing=&#8221;0&#8243; button_icon_placement=&#8221;right&#8221; button_letter_spacing_hover=&#8221;0&#8243; \/][\/et_pb_column][et_pb_column type=&#8221;1_2&#8243;][et_pb_image _builder_version=&#8221;3.0.72&#8243; src=&#8221;https:\/\/segurdaro.com\/wp-content\/uploads\/2017\/09\/apps-segurdaro.png&#8221; show_in_lightbox=&#8221;off&#8221; url_new_window=&#8221;off&#8221; use_overlay=&#8221;off&#8221; sticky=&#8221;off&#8221; align=&#8221;center&#8221; always_center_on_mobile=&#8221;on&#8221; border_style=&#8221;solid&#8221; force_fullwidth=&#8221;off&#8221; max_width=&#8221;400px&#8221; \/][\/et_pb_column][\/et_pb_row][\/et_pb_section][et_pb_section bb_built=&#8221;1&#8243; _builder_version=&#8221;3.0.72&#8243; background_image=&#8221;https:\/\/segurdaro.com\/wp-content\/uploads\/2017\/09\/FONDO-GRIS-WEB-NOVA.jpg&#8221; disabled=&#8221;off&#8221; disabled_on=&#8221;off|off|on&#8221;][et_pb_row][et_pb_column type=&#8221;1_2&#8243;][et_pb_image _builder_version=&#8221;3.0.72&#8243; src=&#8221;https:\/\/segurdaro.com\/wp-content\/uploads\/2017\/09\/apps-segurdaro.png&#8221; show_in_lightbox=&#8221;off&#8221; url_new_window=&#8221;off&#8221; use_overlay=&#8221;off&#8221; sticky=&#8221;off&#8221; align=&#8221;center&#8221; always_center_on_mobile=&#8221;on&#8221; border_style=&#8221;solid&#8221; force_fullwidth=&#8221;off&#8221; max_width=&#8221;400px&#8221; \/][\/et_pb_column][et_pb_column type=&#8221;1_2&#8243;][et_pb_text _builder_version=&#8221;3.0.72&#8243; background_layout=&#8221;light&#8221; text_orientation=&#8221;left&#8221; border_style=&#8221;solid&#8221;]<\/p>\n<h3>Soporte Online para Android<\/h3>\n<p>Simplemente pulse en el bot\u00f3n de descarga. En un momento, tendr\u00e1 el programa descargado. Ejecute directamente desde el navegador o ir a buscarlo a los archivos de la carpeta descargas de vuestro equipo. Una vez ejecutado, aparecer\u00e1 un ID (un numero), que debe copiar en nuestro &#8216;chat&#8217;, y una vez hecho esto, el t\u00e9cnico realizar\u00e1 las tareas que hab\u00e9is solicitado.<\/p>\n<p>[\/et_pb_text][et_pb_button _builder_version=&#8221;3.0.72&#8243; button_text=&#8221;DESCARGAR&#8221; button_url=&#8221;https:\/\/play.google.com\/store\/apps\/details?id=com.anydesk.anydeskandroid&#8221; url_new_window=&#8221;off&#8221; button_alignment=&#8221;left&#8221; background_layout=&#8221;light&#8221; custom_button=&#8221;off&#8221; button_letter_spacing=&#8221;0&#8243; button_icon_placement=&#8221;right&#8221; button_letter_spacing_hover=&#8221;0&#8243; \/][\/et_pb_column][\/et_pb_row][\/et_pb_section]<\/p>\n","protected":false},"excerpt":{"rendered":"<p><div class=\"et_pb_row et_pb_row_0 et_pb_row_empty\">\n\t\t\t\t\n\t\t\t\t\n\t\t\t\t\n\t\t\t\t\n\t\t\t\t\n\t\t\t<\/div> Soporte Online para Windows Simplemente pulse en el bot\u00f3n de descarga. En un momento, tendr\u00e1 el programa descargado. Ejecute directamente desde el navegador o ir a buscarlo a los archivos de la carpeta descargas de vuestro equipo. Una vez ejecutado, aparecer\u00e1 un ID (un numero), que debe copiar en nuestro &#8216;chat&#8217;, y una vez [&hellip;]<\/p>\n","protected":false},"author":1,"featured_media":0,"parent":0,"menu_order":0,"comment_status":"closed","ping_status":"closed","template":"","meta":{"_et_pb_use_builder":"on","_et_pb_old_content":"","_et_gb_content_width":"","footnotes":""},"class_list":["post-227","page","type-page","status-publish","hentry"],"yoast_head":"<!-- This site is optimized with the Yoast SEO plugin v26.6 - https:\/\/yoast.com\/wordpress\/plugins\/seo\/ -->\n<title>Descargas - Segurdaro<\/title>\n<meta name=\"robots\" content=\"index, follow, max-snippet:-1, max-image-preview:large, max-video-preview:-1\" \/>\n<link rel=\"canonical\" href=\"https:\/\/segurdaro.com\/index.php\/es\/descargas\/\" \/>\n<meta property=\"og:locale\" content=\"ca_ES\" \/>\n<meta property=\"og:type\" content=\"article\" \/>\n<meta property=\"og:title\" content=\"Descargas - Segurdaro\" \/>\n<meta property=\"og:description\" content=\"Soporte Online para Windows Simplemente pulse en el bot\u00f3n de descarga. En un momento, tendr\u00e1 el programa descargado. Ejecute directamente desde el navegador o ir a buscarlo a los archivos de la carpeta descargas de vuestro equipo. Una vez ejecutado, aparecer\u00e1 un ID (un numero), que debe copiar en nuestro &#039;chat&#039;, y una vez [&hellip;]\" \/>\n<meta property=\"og:url\" content=\"https:\/\/segurdaro.com\/index.php\/es\/descargas\/\" \/>\n<meta property=\"og:site_name\" content=\"Segurdaro\" \/>\n<meta property=\"article:modified_time\" content=\"2017-09-22T09:48:33+00:00\" \/>\n<meta name=\"twitter:card\" content=\"summary_large_image\" \/>\n<meta name=\"twitter:label1\" content=\"Temps estimat de lectura\" \/>\n\t<meta name=\"twitter:data1\" content=\"6 minuts\" \/>\n<script type=\"application\/ld+json\" class=\"yoast-schema-graph\">{\"@context\":\"https:\/\/schema.org\",\"@graph\":[{\"@type\":\"WebPage\",\"@id\":\"https:\/\/segurdaro.com\/index.php\/es\/descargas\/\",\"url\":\"https:\/\/segurdaro.com\/index.php\/es\/descargas\/\",\"name\":\"Descargas - Segurdaro\",\"isPartOf\":{\"@id\":\"https:\/\/segurdaro.com\/#website\"},\"datePublished\":\"2017-09-21T09:15:59+00:00\",\"dateModified\":\"2017-09-22T09:48:33+00:00\",\"breadcrumb\":{\"@id\":\"https:\/\/segurdaro.com\/index.php\/es\/descargas\/#breadcrumb\"},\"inLanguage\":\"ca\",\"potentialAction\":[{\"@type\":\"ReadAction\",\"target\":[\"https:\/\/segurdaro.com\/index.php\/es\/descargas\/\"]}]},{\"@type\":\"BreadcrumbList\",\"@id\":\"https:\/\/segurdaro.com\/index.php\/es\/descargas\/#breadcrumb\",\"itemListElement\":[{\"@type\":\"ListItem\",\"position\":1,\"name\":\"Inici\",\"item\":\"https:\/\/segurdaro.com\/\"},{\"@type\":\"ListItem\",\"position\":2,\"name\":\"Descargas\"}]},{\"@type\":\"WebSite\",\"@id\":\"https:\/\/segurdaro.com\/#website\",\"url\":\"https:\/\/segurdaro.com\/\",\"name\":\"Segurdaro\",\"description\":\"Sistemes de Seguretat\",\"potentialAction\":[{\"@type\":\"SearchAction\",\"target\":{\"@type\":\"EntryPoint\",\"urlTemplate\":\"https:\/\/segurdaro.com\/?s={search_term_string}\"},\"query-input\":{\"@type\":\"PropertyValueSpecification\",\"valueRequired\":true,\"valueName\":\"search_term_string\"}}],\"inLanguage\":\"ca\"}]}<\/script>\n<!-- \/ Yoast SEO plugin. -->","yoast_head_json":{"title":"Descargas - Segurdaro","robots":{"index":"index","follow":"follow","max-snippet":"max-snippet:-1","max-image-preview":"max-image-preview:large","max-video-preview":"max-video-preview:-1"},"canonical":"https:\/\/segurdaro.com\/index.php\/es\/descargas\/","og_locale":"ca_ES","og_type":"article","og_title":"Descargas - Segurdaro","og_description":"Soporte Online para Windows Simplemente pulse en el bot\u00f3n de descarga. En un momento, tendr\u00e1 el programa descargado. Ejecute directamente desde el navegador o ir a buscarlo a los archivos de la carpeta descargas de vuestro equipo. Una vez ejecutado, aparecer\u00e1 un ID (un numero), que debe copiar en nuestro 'chat', y una vez [&hellip;]","og_url":"https:\/\/segurdaro.com\/index.php\/es\/descargas\/","og_site_name":"Segurdaro","article_modified_time":"2017-09-22T09:48:33+00:00","twitter_card":"summary_large_image","twitter_misc":{"Temps estimat de lectura":"6 minuts"},"schema":{"@context":"https:\/\/schema.org","@graph":[{"@type":"WebPage","@id":"https:\/\/segurdaro.com\/index.php\/es\/descargas\/","url":"https:\/\/segurdaro.com\/index.php\/es\/descargas\/","name":"Descargas - Segurdaro","isPartOf":{"@id":"https:\/\/segurdaro.com\/#website"},"datePublished":"2017-09-21T09:15:59+00:00","dateModified":"2017-09-22T09:48:33+00:00","breadcrumb":{"@id":"https:\/\/segurdaro.com\/index.php\/es\/descargas\/#breadcrumb"},"inLanguage":"ca","potentialAction":[{"@type":"ReadAction","target":["https:\/\/segurdaro.com\/index.php\/es\/descargas\/"]}]},{"@type":"BreadcrumbList","@id":"https:\/\/segurdaro.com\/index.php\/es\/descargas\/#breadcrumb","itemListElement":[{"@type":"ListItem","position":1,"name":"Inici","item":"https:\/\/segurdaro.com\/"},{"@type":"ListItem","position":2,"name":"Descargas"}]},{"@type":"WebSite","@id":"https:\/\/segurdaro.com\/#website","url":"https:\/\/segurdaro.com\/","name":"Segurdaro","description":"Sistemes de Seguretat","potentialAction":[{"@type":"SearchAction","target":{"@type":"EntryPoint","urlTemplate":"https:\/\/segurdaro.com\/?s={search_term_string}"},"query-input":{"@type":"PropertyValueSpecification","valueRequired":true,"valueName":"search_term_string"}}],"inLanguage":"ca"}]}},"_links":{"self":[{"href":"https:\/\/segurdaro.com\/index.php\/wp-json\/wp\/v2\/pages\/227","targetHints":{"allow":["GET"]}}],"collection":[{"href":"https:\/\/segurdaro.com\/index.php\/wp-json\/wp\/v2\/pages"}],"about":[{"href":"https:\/\/segurdaro.com\/index.php\/wp-json\/wp\/v2\/types\/page"}],"author":[{"embeddable":true,"href":"https:\/\/segurdaro.com\/index.php\/wp-json\/wp\/v2\/users\/1"}],"replies":[{"embeddable":true,"href":"https:\/\/segurdaro.com\/index.php\/wp-json\/wp\/v2\/comments?post=227"}],"version-history":[{"count":8,"href":"https:\/\/segurdaro.com\/index.php\/wp-json\/wp\/v2\/pages\/227\/revisions"}],"predecessor-version":[{"id":229,"href":"https:\/\/segurdaro.com\/index.php\/wp-json\/wp\/v2\/pages\/227\/revisions\/229"}],"wp:attachment":[{"href":"https:\/\/segurdaro.com\/index.php\/wp-json\/wp\/v2\/media?parent=227"}],"curies":[{"name":"wp","href":"https:\/\/api.w.org\/{rel}","templated":true}]}}