{"id":238,"date":"2017-09-21T11:04:53","date_gmt":"2017-09-21T10:04:53","guid":{"rendered":"http:\/\/segurdaro.com\/?page_id=238"},"modified":"2019-06-11T17:26:06","modified_gmt":"2019-06-11T16:26:06","slug":"238-2","status":"publish","type":"page","link":"https:\/\/segurdaro.com\/index.php\/es\/238-2\/","title":{"rendered":"Software"},"content":{"rendered":"<p>[et_pb_section bb_built=&#8221;1&#8243; _builder_version=&#8221;3.0.72&#8243; background_image=&#8221;https:\/\/segurdaro.com\/wp-content\/uploads\/2017\/09\/FONDO-GRIS-WEB-NOVA.jpg&#8221; disabled=&#8221;off&#8221; disabled_on=&#8221;on|on|&#8221;][et_pb_row][et_pb_column type=&#8221;1_2&#8243;][et_pb_text _builder_version=&#8221;3.0.72&#8243; background_layout=&#8221;light&#8221; text_orientation=&#8221;left&#8221; border_style=&#8221;solid&#8221;]<\/p>\n<h3 dir=\"ltr\" data-placeholder=\"Traducci\u00f3n\">EVO PLUS<\/h3>\n<p id=\"tw-target-text\" class=\"tw-data-text tw-ta tw-text-small\" dir=\"ltr\" data-placeholder=\"Traducci\u00f3n\"><span lang=\"ca\">Descripci\u00f3n:<\/span><\/p>\n<p id=\"tw-target-text\" class=\"tw-data-text tw-ta tw-text-small\" dir=\"ltr\" data-placeholder=\"Traducci\u00f3n\">Software de Vigilancia para Android y Apple, que soporta caracter\u00edsticas b\u00e1sicas, v\u00eddeo en directo y control directo.<\/p>\n<p>[\/et_pb_text][et_pb_button _builder_version=&#8221;3.0.72&#8243; button_text=&#8221;IOS&#8221; button_url=&#8221;https:\/\/itunes.apple.com\/us\/app\/evoplus-lite\/id522582000&#8243; url_new_window=&#8221;off&#8221; button_alignment=&#8221;left&#8221; background_layout=&#8221;light&#8221; custom_button=&#8221;off&#8221; button_letter_spacing=&#8221;0&#8243; button_icon_placement=&#8221;right&#8221; button_letter_spacing_hover=&#8221;0&#8243; \/][et_pb_button _builder_version=&#8221;3.0.72&#8243; button_text=&#8221;ANDROID&#8221; button_url=&#8221;https:\/\/play.google.com\/store\/apps\/details?id=com.mm.android.direct.evoplusLite&#8221; url_new_window=&#8221;off&#8221; button_alignment=&#8221;left&#8221; background_layout=&#8221;light&#8221; custom_button=&#8221;off&#8221; button_letter_spacing=&#8221;0&#8243; button_icon_placement=&#8221;right&#8221; button_letter_spacing_hover=&#8221;0&#8243; \/][\/et_pb_column][et_pb_column type=&#8221;1_2&#8243;][et_pb_image _builder_version=&#8221;3.0.72&#8243; src=&#8221;https:\/\/segurdaro.com\/wp-content\/uploads\/2019\/06\/evoPLUS-Large-1.png&#8221; show_in_lightbox=&#8221;off&#8221; url_new_window=&#8221;off&#8221; use_overlay=&#8221;off&#8221; sticky=&#8221;off&#8221; align=&#8221;center&#8221; always_center_on_mobile=&#8221;on&#8221; border_style=&#8221;solid&#8221; max_width=&#8221;400px&#8221; force_fullwidth=&#8221;off&#8221; \/][\/et_pb_column][\/et_pb_row][\/et_pb_section][et_pb_section bb_built=&#8221;1&#8243;][et_pb_row][et_pb_column type=&#8221;1_2&#8243;][et_pb_image _builder_version=&#8221;3.0.72&#8243; src=&#8221;https:\/\/segurdaro.com\/wp-content\/uploads\/2017\/09\/FREEEIP.png&#8221; show_in_lightbox=&#8221;off&#8221; url_new_window=&#8221;off&#8221; use_overlay=&#8221;off&#8221; sticky=&#8221;off&#8221; align=&#8221;center&#8221; always_center_on_mobile=&#8221;on&#8221; border_style=&#8221;solid&#8221; max_width=&#8221;400px&#8221; force_fullwidth=&#8221;off&#8221; \/][\/et_pb_column][et_pb_column type=&#8221;1_2&#8243;][et_pb_text _builder_version=&#8221;3.0.72&#8243; background_layout=&#8221;light&#8221; text_orientation=&#8221;left&#8221; border_style=&#8221;solid&#8221;]<\/p>\n<h3 dir=\"ltr\" data-placeholder=\"Traducci\u00f3n\">FREEIP CCTV<\/h3>\n<p id=\"tw-target-text\" class=\"tw-data-text tw-ta tw-text-small\" dir=\"ltr\" data-placeholder=\"Traducci\u00f3n\"><span lang=\"ca\">Descripci\u00f3n:<\/span><\/p>\n<p class=\"tw-data-text tw-ta tw-text-small\" dir=\"ltr\" data-placeholder=\"Traducci\u00f3n\"><span lang=\"ca\"> A trav\u00e9s de la red 3G, 4G o WIFI, puede controlar el dispositivo de control y consultar la secuencia en tiempo real. 1. Introduzca el n\u00famero de serie a vuestra cuenta de Freeip escaneando la imagen QR o introduciendo el n\u00famero de serie manualmente. 2. Si el dispositivo est\u00e1 en l\u00ednea, puede consultar la secuencia en tiempo real.<\/span><\/p>\n<p>[\/et_pb_text][et_pb_button _builder_version=&#8221;3.0.72&#8243; button_text=&#8221;IOS&#8221; button_url=&#8221;https:\/\/itunes.apple.com\/ar\/app\/freeip\/id898690336?mt=8#&#8221; url_new_window=&#8221;off&#8221; button_alignment=&#8221;left&#8221; background_layout=&#8221;light&#8221; custom_button=&#8221;off&#8221; button_letter_spacing=&#8221;0&#8243; button_icon_placement=&#8221;right&#8221; button_letter_spacing_hover=&#8221;0&#8243; \/][et_pb_button _builder_version=&#8221;3.0.72&#8243; button_text=&#8221;ANDROID&#8221; button_url=&#8221;https:\/\/play.google.com\/store\/apps\/details?id=com.xc.hdscreen&amp;hl=es&#8221; url_new_window=&#8221;off&#8221; button_alignment=&#8221;left&#8221; background_layout=&#8221;light&#8221; custom_button=&#8221;off&#8221; button_letter_spacing=&#8221;0&#8243; button_icon_placement=&#8221;right&#8221; button_letter_spacing_hover=&#8221;0&#8243; \/][\/et_pb_column][\/et_pb_row][\/et_pb_section][et_pb_section bb_built=&#8221;1&#8243; _builder_version=&#8221;3.0.72&#8243; background_image=&#8221;https:\/\/segurdaro.com\/wp-content\/uploads\/2017\/09\/FONDO-GRIS-WEB-NOVA.jpg&#8221; disabled=&#8221;off&#8221; disabled_on=&#8221;on|on|&#8221;][et_pb_row][et_pb_column type=&#8221;1_2&#8243;][et_pb_text _builder_version=&#8221;3.0.72&#8243; background_layout=&#8221;light&#8221; text_orientation=&#8221;left&#8221; border_style=&#8221;solid&#8221;]<\/p>\n<h3 dir=\"ltr\" data-placeholder=\"Traducci\u00f3n\">iDMSS \/ gDMSS<\/h3>\n<p id=\"tw-target-text\" class=\"tw-data-text tw-ta tw-text-small\" dir=\"ltr\" data-placeholder=\"Traducci\u00f3n\"><span lang=\"ca\">Descripci\u00f3n:<\/span><\/p>\n<p id=\"tw-target-text\" class=\"tw-data-text tw-ta tw-text-small\" dir=\"ltr\" data-placeholder=\"Traducci\u00f3n\"><span lang=\"ca\">Programas de vigilancia para iPhone iDMSS Plus, que soporta Push Alarm, reproducci\u00f3n de v\u00eddeo, ronda de tareas, gest de dit, Windows Slide, etc. Atenci\u00f3n: Si quiere utilizar la funci\u00f3n &#8220;Push Alarm&#8221;, aseg\u00farese de los siguientes puntos: 1. s\u00f3lo la funci\u00f3n de dispositivo especial &#8220;Push Alarm&#8221;. 2. Aseg\u00farese de que el dispositivo pueda acceder a Internet. 3. Para obtener la notificaci\u00f3n, se requiere una suscripci\u00f3n de nuevo porqu\u00e9 el certificado del env\u00edo anterior ha caducado. Puede volver a suscribirse a &#8220;Push Config&#8221; a la notificaci\u00f3n de inicio activa.<\/span><\/p>\n<p>[\/et_pb_text][et_pb_button _builder_version=&#8221;3.0.72&#8243; button_text=&#8221;IOS&#8221; button_url=&#8221;https:\/\/itunes.apple.com\/es\/app\/idmss-plus\/id509992470?mt=8#&#8221; url_new_window=&#8221;off&#8221; button_alignment=&#8221;left&#8221; background_layout=&#8221;light&#8221; custom_button=&#8221;off&#8221; button_letter_spacing=&#8221;0&#8243; button_icon_placement=&#8221;right&#8221; button_letter_spacing_hover=&#8221;0&#8243; \/][et_pb_button _builder_version=&#8221;3.0.72&#8243; button_text=&#8221;ANDROID&#8221; button_url=&#8221;https:\/\/play.google.com\/store\/apps\/details?id=com.mm.android.direct.gdmssphoneLite&amp;hl=es&#8221; url_new_window=&#8221;off&#8221; button_alignment=&#8221;left&#8221; background_layout=&#8221;light&#8221; custom_button=&#8221;off&#8221; button_letter_spacing=&#8221;0&#8243; button_icon_placement=&#8221;right&#8221; button_letter_spacing_hover=&#8221;0&#8243; \/][\/et_pb_column][et_pb_column type=&#8221;1_2&#8243;][et_pb_image _builder_version=&#8221;3.0.72&#8243; src=&#8221;https:\/\/segurdaro.com\/wp-content\/uploads\/2017\/09\/IDMSS-PLUS-1.png&#8221; show_in_lightbox=&#8221;off&#8221; url_new_window=&#8221;off&#8221; use_overlay=&#8221;off&#8221; sticky=&#8221;off&#8221; align=&#8221;center&#8221; always_center_on_mobile=&#8221;on&#8221; border_style=&#8221;solid&#8221; max_width=&#8221;400px&#8221; force_fullwidth=&#8221;off&#8221; \/][\/et_pb_column][\/et_pb_row][\/et_pb_section][et_pb_section bb_built=&#8221;1&#8243; _builder_version=&#8221;3.0.72&#8243; background_image=&#8221;https:\/\/segurdaro.com\/wp-content\/uploads\/2017\/09\/FONDO-GRIS-WEB-NOVA.jpg&#8221; disabled=&#8221;off&#8221; disabled_on=&#8221;||on&#8221;][et_pb_row][et_pb_column type=&#8221;1_2&#8243;][et_pb_image _builder_version=&#8221;3.0.72&#8243; src=&#8221;https:\/\/segurdaro.com\/wp-content\/uploads\/2017\/09\/IDMSS-PLUS-1.png&#8221; show_in_lightbox=&#8221;off&#8221; url_new_window=&#8221;off&#8221; use_overlay=&#8221;off&#8221; sticky=&#8221;off&#8221; align=&#8221;center&#8221; always_center_on_mobile=&#8221;on&#8221; border_style=&#8221;solid&#8221; max_width=&#8221;400px&#8221; force_fullwidth=&#8221;off&#8221; \/][\/et_pb_column][et_pb_column type=&#8221;1_2&#8243;][et_pb_text _builder_version=&#8221;3.0.72&#8243; background_layout=&#8221;light&#8221; text_orientation=&#8221;left&#8221; border_style=&#8221;solid&#8221;]<\/p>\n<h3 dir=\"ltr\" data-placeholder=\"Traducci\u00f3n\">iDMSS \/ gDMSS<\/h3>\n<p id=\"tw-target-text\" class=\"tw-data-text tw-ta tw-text-small\" dir=\"ltr\" data-placeholder=\"Traducci\u00f3n\"><span lang=\"ca\">Descripci\u00f3n:<\/span><\/p>\n<p id=\"tw-target-text\" class=\"tw-data-text tw-ta tw-text-small\" dir=\"ltr\" data-placeholder=\"Traducci\u00f3n\"><span lang=\"ca\">Programas de vigilancia para iPhone iDMSS Plus, que soporta Push Alarm, reproducci\u00f3n de v\u00eddeo, roda de tareas, gest de dit, Windows Slide, etc. Atenci\u00f3n: Si quiere utilizar la funci\u00f3n &#8220;Push Alarm&#8221;, aseg\u00farese de los siguientes puntos: 1. s\u00f3lo la funci\u00f3n de dispositivo especial &#8220;Push Alarm&#8221;. 2. Aseg\u00farese de que el dispositivo pueda acceder a Internet. 3. Para obtener la notificaci\u00f3n, se requiere una suscripci\u00f3n de nuevo porqu\u00e9 el certificado del env\u00edo anterior ha caducado. Puede volver a suscribirse a &#8220;Push Config&#8221; a la notificaci\u00f3n de inicio activa.<\/span><\/p>\n<p>[\/et_pb_text][et_pb_button _builder_version=&#8221;3.0.72&#8243; button_text=&#8221;IOS&#8221; button_url=&#8221;https:\/\/itunes.apple.com\/es\/app\/idmss-plus\/id509992470?mt=8#&#8221; url_new_window=&#8221;off&#8221; button_alignment=&#8221;left&#8221; background_layout=&#8221;light&#8221; custom_button=&#8221;off&#8221; button_letter_spacing=&#8221;0&#8243; button_icon_placement=&#8221;right&#8221; button_letter_spacing_hover=&#8221;0&#8243; \/][et_pb_button _builder_version=&#8221;3.0.72&#8243; button_text=&#8221;ANDROID&#8221; button_url=&#8221;https:\/\/play.google.com\/store\/apps\/details?id=com.mm.android.direct.gdmssphoneLite&amp;hl=es&#8221; url_new_window=&#8221;off&#8221; button_alignment=&#8221;left&#8221; background_layout=&#8221;light&#8221; custom_button=&#8221;off&#8221; button_letter_spacing=&#8221;0&#8243; button_icon_placement=&#8221;right&#8221; button_letter_spacing_hover=&#8221;0&#8243; \/][\/et_pb_column][\/et_pb_row][\/et_pb_section][et_pb_section bb_built=&#8221;1&#8243;][et_pb_row][et_pb_column type=&#8221;1_2&#8243;][et_pb_image _builder_version=&#8221;3.0.72&#8243; src=&#8221;https:\/\/segurdaro.com\/wp-content\/uploads\/2017\/09\/PSS-SEGURDARO.png&#8221; show_in_lightbox=&#8221;off&#8221; url_new_window=&#8221;off&#8221; use_overlay=&#8221;off&#8221; sticky=&#8221;off&#8221; align=&#8221;center&#8221; always_center_on_mobile=&#8221;on&#8221; border_style=&#8221;solid&#8221; max_width=&#8221;400px&#8221; force_fullwidth=&#8221;off&#8221; \/][\/et_pb_column][et_pb_column type=&#8221;1_2&#8243;][et_pb_text _builder_version=&#8221;3.0.72&#8243; background_layout=&#8221;light&#8221; text_orientation=&#8221;left&#8221; border_style=&#8221;solid&#8221;]<\/p>\n<h3 dir=\"ltr\" data-placeholder=\"Traducci\u00f3n\">FREEIP CCTV<\/h3>\n<p id=\"tw-target-text\" class=\"tw-data-text tw-ta tw-text-small\" dir=\"ltr\" data-placeholder=\"Traducci\u00f3n\"><span lang=\"ca\">Descripci\u00f3n:<\/span><\/p>\n<p class=\"tw-data-text tw-ta tw-text-small\" dir=\"ltr\" data-placeholder=\"Traducci\u00f3n\"><span lang=\"ca\"> A trav\u00e9s de la red o v\u00eda internet, puede controlar el dispositivo de control y consultar la secuencia en tiempo real. 1. Introduzca el n\u00famero de serie a su cuenta de Freeip escaneando la imagen QR o introduciendo el n\u00famero de serie manualmente. 2. Si el dispositivo est\u00e1 en l\u00ednea, puede consultar la secuencia en tiempo real, reproducir filtrando por d\u00eda, c\u00e1maras, hora, etc&#8230;<\/span><\/p>\n<p>[\/et_pb_text][et_pb_button _builder_version=&#8221;3.0.72&#8243; button_text=&#8221;WINDOWS&#8221; button_url=&#8221;http:\/\/www1.dahuasecurity.com\/es\/download_detail_5581.html&#8221; url_new_window=&#8221;on&#8221; button_alignment=&#8221;left&#8221; background_layout=&#8221;light&#8221; custom_button=&#8221;off&#8221; button_letter_spacing=&#8221;0&#8243; button_icon_placement=&#8221;right&#8221; button_letter_spacing_hover=&#8221;0&#8243; \/][\/et_pb_column][\/et_pb_row][\/et_pb_section]<\/p>\n","protected":false},"excerpt":{"rendered":"<p><div class=\"et_pb_row et_pb_row_0 et_pb_row_empty\">\n\t\t\t\t\n\t\t\t\t\n\t\t\t\t\n\t\t\t\t\n\t\t\t\t\n\t\t\t<\/div> EVO PLUS Descripci\u00f3n: Software de Vigilancia para Android y Apple, que soporta caracter\u00edsticas b\u00e1sicas, v\u00eddeo en directo y control directo. <div class=\"et_pb_row et_pb_row_1 et_pb_row_empty\">\n\t\t\t\t\n\t\t\t\t\n\t\t\t\t\n\t\t\t\t\n\t\t\t\t\n\t\t\t<\/div> FREEIP CCTV Descripci\u00f3n: A trav\u00e9s de la red 3G, 4G o WIFI, puede controlar el dispositivo de control y consultar la secuencia en tiempo real. 1. Introduzca el n\u00famero de serie a vuestra [&hellip;]<\/p>\n","protected":false},"author":1,"featured_media":0,"parent":0,"menu_order":0,"comment_status":"closed","ping_status":"closed","template":"","meta":{"_et_pb_use_builder":"on","_et_pb_old_content":"","_et_gb_content_width":"","footnotes":""},"class_list":["post-238","page","type-page","status-publish","hentry"],"yoast_head":"<!-- This site is optimized with the Yoast SEO plugin v26.6 - https:\/\/yoast.com\/wordpress\/plugins\/seo\/ -->\n<title>Software - Segurdaro<\/title>\n<meta name=\"robots\" content=\"index, follow, max-snippet:-1, max-image-preview:large, max-video-preview:-1\" \/>\n<link rel=\"canonical\" href=\"https:\/\/segurdaro.com\/index.php\/es\/238-2\/\" \/>\n<meta property=\"og:locale\" content=\"ca_ES\" \/>\n<meta property=\"og:type\" content=\"article\" \/>\n<meta property=\"og:title\" content=\"Software - Segurdaro\" \/>\n<meta property=\"og:description\" content=\"EVO PLUS Descripci\u00f3n: Software de Vigilancia para Android y Apple, que soporta caracter\u00edsticas b\u00e1sicas, v\u00eddeo en directo y control directo. FREEIP CCTV Descripci\u00f3n: A trav\u00e9s de la red 3G, 4G o WIFI, puede controlar el dispositivo de control y consultar la secuencia en tiempo real. 1. Introduzca el n\u00famero de serie a vuestra [&hellip;]\" \/>\n<meta property=\"og:url\" content=\"https:\/\/segurdaro.com\/index.php\/es\/238-2\/\" \/>\n<meta property=\"og:site_name\" content=\"Segurdaro\" \/>\n<meta property=\"article:modified_time\" content=\"2019-06-11T16:26:06+00:00\" \/>\n<meta name=\"twitter:card\" content=\"summary_large_image\" \/>\n<meta name=\"twitter:label1\" content=\"Temps estimat de lectura\" \/>\n\t<meta name=\"twitter:data1\" content=\"6 minuts\" \/>\n<script type=\"application\/ld+json\" class=\"yoast-schema-graph\">{\"@context\":\"https:\/\/schema.org\",\"@graph\":[{\"@type\":\"WebPage\",\"@id\":\"https:\/\/segurdaro.com\/index.php\/es\/238-2\/\",\"url\":\"https:\/\/segurdaro.com\/index.php\/es\/238-2\/\",\"name\":\"Software - Segurdaro\",\"isPartOf\":{\"@id\":\"https:\/\/segurdaro.com\/#website\"},\"datePublished\":\"2017-09-21T10:04:53+00:00\",\"dateModified\":\"2019-06-11T16:26:06+00:00\",\"breadcrumb\":{\"@id\":\"https:\/\/segurdaro.com\/index.php\/es\/238-2\/#breadcrumb\"},\"inLanguage\":\"ca\",\"potentialAction\":[{\"@type\":\"ReadAction\",\"target\":[\"https:\/\/segurdaro.com\/index.php\/es\/238-2\/\"]}]},{\"@type\":\"BreadcrumbList\",\"@id\":\"https:\/\/segurdaro.com\/index.php\/es\/238-2\/#breadcrumb\",\"itemListElement\":[{\"@type\":\"ListItem\",\"position\":1,\"name\":\"Inici\",\"item\":\"https:\/\/segurdaro.com\/\"},{\"@type\":\"ListItem\",\"position\":2,\"name\":\"Software\"}]},{\"@type\":\"WebSite\",\"@id\":\"https:\/\/segurdaro.com\/#website\",\"url\":\"https:\/\/segurdaro.com\/\",\"name\":\"Segurdaro\",\"description\":\"Sistemes de Seguretat\",\"potentialAction\":[{\"@type\":\"SearchAction\",\"target\":{\"@type\":\"EntryPoint\",\"urlTemplate\":\"https:\/\/segurdaro.com\/?s={search_term_string}\"},\"query-input\":{\"@type\":\"PropertyValueSpecification\",\"valueRequired\":true,\"valueName\":\"search_term_string\"}}],\"inLanguage\":\"ca\"}]}<\/script>\n<!-- \/ Yoast SEO plugin. -->","yoast_head_json":{"title":"Software - Segurdaro","robots":{"index":"index","follow":"follow","max-snippet":"max-snippet:-1","max-image-preview":"max-image-preview:large","max-video-preview":"max-video-preview:-1"},"canonical":"https:\/\/segurdaro.com\/index.php\/es\/238-2\/","og_locale":"ca_ES","og_type":"article","og_title":"Software - Segurdaro","og_description":"EVO PLUS Descripci\u00f3n: Software de Vigilancia para Android y Apple, que soporta caracter\u00edsticas b\u00e1sicas, v\u00eddeo en directo y control directo. FREEIP CCTV Descripci\u00f3n: A trav\u00e9s de la red 3G, 4G o WIFI, puede controlar el dispositivo de control y consultar la secuencia en tiempo real. 1. Introduzca el n\u00famero de serie a vuestra [&hellip;]","og_url":"https:\/\/segurdaro.com\/index.php\/es\/238-2\/","og_site_name":"Segurdaro","article_modified_time":"2019-06-11T16:26:06+00:00","twitter_card":"summary_large_image","twitter_misc":{"Temps estimat de lectura":"6 minuts"},"schema":{"@context":"https:\/\/schema.org","@graph":[{"@type":"WebPage","@id":"https:\/\/segurdaro.com\/index.php\/es\/238-2\/","url":"https:\/\/segurdaro.com\/index.php\/es\/238-2\/","name":"Software - Segurdaro","isPartOf":{"@id":"https:\/\/segurdaro.com\/#website"},"datePublished":"2017-09-21T10:04:53+00:00","dateModified":"2019-06-11T16:26:06+00:00","breadcrumb":{"@id":"https:\/\/segurdaro.com\/index.php\/es\/238-2\/#breadcrumb"},"inLanguage":"ca","potentialAction":[{"@type":"ReadAction","target":["https:\/\/segurdaro.com\/index.php\/es\/238-2\/"]}]},{"@type":"BreadcrumbList","@id":"https:\/\/segurdaro.com\/index.php\/es\/238-2\/#breadcrumb","itemListElement":[{"@type":"ListItem","position":1,"name":"Inici","item":"https:\/\/segurdaro.com\/"},{"@type":"ListItem","position":2,"name":"Software"}]},{"@type":"WebSite","@id":"https:\/\/segurdaro.com\/#website","url":"https:\/\/segurdaro.com\/","name":"Segurdaro","description":"Sistemes de Seguretat","potentialAction":[{"@type":"SearchAction","target":{"@type":"EntryPoint","urlTemplate":"https:\/\/segurdaro.com\/?s={search_term_string}"},"query-input":{"@type":"PropertyValueSpecification","valueRequired":true,"valueName":"search_term_string"}}],"inLanguage":"ca"}]}},"_links":{"self":[{"href":"https:\/\/segurdaro.com\/index.php\/wp-json\/wp\/v2\/pages\/238","targetHints":{"allow":["GET"]}}],"collection":[{"href":"https:\/\/segurdaro.com\/index.php\/wp-json\/wp\/v2\/pages"}],"about":[{"href":"https:\/\/segurdaro.com\/index.php\/wp-json\/wp\/v2\/types\/page"}],"author":[{"embeddable":true,"href":"https:\/\/segurdaro.com\/index.php\/wp-json\/wp\/v2\/users\/1"}],"replies":[{"embeddable":true,"href":"https:\/\/segurdaro.com\/index.php\/wp-json\/wp\/v2\/comments?post=238"}],"version-history":[{"count":8,"href":"https:\/\/segurdaro.com\/index.php\/wp-json\/wp\/v2\/pages\/238\/revisions"}],"predecessor-version":[{"id":379,"href":"https:\/\/segurdaro.com\/index.php\/wp-json\/wp\/v2\/pages\/238\/revisions\/379"}],"wp:attachment":[{"href":"https:\/\/segurdaro.com\/index.php\/wp-json\/wp\/v2\/media?parent=238"}],"curies":[{"name":"wp","href":"https:\/\/api.w.org\/{rel}","templated":true}]}}